{"id":15144,"date":"2024-06-24T16:41:41","date_gmt":"2024-06-24T16:41:41","guid":{"rendered":"https:\/\/tiendapl.com.ec\/?post_type=product&#038;p=15144"},"modified":"2025-05-31T19:06:29","modified_gmt":"2025-05-31T19:06:29","slug":"cepillo-quita-pelusa","status":"publish","type":"product","link":"https:\/\/tiendapl.com.ec\/index.php\/product\/cepillo-quita-pelusa\/","title":{"rendered":"Cepillo quita pelusa"},"content":{"rendered":"","protected":false},"excerpt":{"rendered":"<p>C\u00f3digo: PL-816. \u00a0El removedor de pelusas de cepillos para muebles cuenta con material de alta calidad y dise\u00f1o de doble cara para traer una eficiencia y efecto de limpieza 2 veces m\u00e1s los cepillos de pelusa pueden atrapar f\u00e1cilmente cualquier pelo suelto en los muebles como sof\u00e1, cama, silla o ropa.<\/p>\n","protected":false},"featured_media":15145,"template":"","meta":[],"product_cat":[178,68],"product_tag":[394,406],"_links":{"self":[{"href":"https:\/\/tiendapl.com.ec\/index.php\/wp-json\/wp\/v2\/product\/15144"}],"collection":[{"href":"https:\/\/tiendapl.com.ec\/index.php\/wp-json\/wp\/v2\/product"}],"about":[{"href":"https:\/\/tiendapl.com.ec\/index.php\/wp-json\/wp\/v2\/types\/product"}],"version-history":[{"count":1,"href":"https:\/\/tiendapl.com.ec\/index.php\/wp-json\/wp\/v2\/product\/15144\/revisions"}],"predecessor-version":[{"id":15146,"href":"https:\/\/tiendapl.com.ec\/index.php\/wp-json\/wp\/v2\/product\/15144\/revisions\/15146"}],"wp:featuredmedia":[{"embeddable":true,"href":"https:\/\/tiendapl.com.ec\/index.php\/wp-json\/wp\/v2\/media\/15145"}],"wp:attachment":[{"href":"https:\/\/tiendapl.com.ec\/index.php\/wp-json\/wp\/v2\/media?parent=15144"}],"wp:term":[{"taxonomy":"product_cat","embeddable":true,"href":"https:\/\/tiendapl.com.ec\/index.php\/wp-json\/wp\/v2\/product_cat?post=15144"},{"taxonomy":"product_tag","embeddable":true,"href":"https:\/\/tiendapl.com.ec\/index.php\/wp-json\/wp\/v2\/product_tag?post=15144"}],"curies":[{"name":"wp","href":"https:\/\/api.w.org\/{rel}","templated":true}]}}