{"id":15249,"date":"2024-07-05T19:36:49","date_gmt":"2024-07-05T19:36:49","guid":{"rendered":"https:\/\/tiendapl.com.ec\/?post_type=product&#038;p=15249"},"modified":"2024-07-05T19:36:50","modified_gmt":"2024-07-05T19:36:50","slug":"conservador-de-arroz","status":"publish","type":"product","link":"https:\/\/tiendapl.com.ec\/index.php\/product\/conservador-de-arroz\/","title":{"rendered":"Conservador de arroz"},"content":{"rendered":"","protected":false},"excerpt":{"rendered":"<p>C\u00f3digo: 5W819. <span class=\"a-list-item\">Multiusos: este recipiente de arroz es perfecto para almacenar cereales, pasta, suministros para hornear, harina, az\u00facar, nueces y mucho m\u00e1s. Tambi\u00e9n se puede utilizar para contener agua, bebidas, sopa y otros l\u00edquidos.<\/span><\/p>\n","protected":false},"featured_media":15250,"template":"","meta":[],"product_cat":[108,65],"product_tag":[],"_links":{"self":[{"href":"https:\/\/tiendapl.com.ec\/index.php\/wp-json\/wp\/v2\/product\/15249"}],"collection":[{"href":"https:\/\/tiendapl.com.ec\/index.php\/wp-json\/wp\/v2\/product"}],"about":[{"href":"https:\/\/tiendapl.com.ec\/index.php\/wp-json\/wp\/v2\/types\/product"}],"version-history":[{"count":1,"href":"https:\/\/tiendapl.com.ec\/index.php\/wp-json\/wp\/v2\/product\/15249\/revisions"}],"predecessor-version":[{"id":15251,"href":"https:\/\/tiendapl.com.ec\/index.php\/wp-json\/wp\/v2\/product\/15249\/revisions\/15251"}],"wp:featuredmedia":[{"embeddable":true,"href":"https:\/\/tiendapl.com.ec\/index.php\/wp-json\/wp\/v2\/media\/15250"}],"wp:attachment":[{"href":"https:\/\/tiendapl.com.ec\/index.php\/wp-json\/wp\/v2\/media?parent=15249"}],"wp:term":[{"taxonomy":"product_cat","embeddable":true,"href":"https:\/\/tiendapl.com.ec\/index.php\/wp-json\/wp\/v2\/product_cat?post=15249"},{"taxonomy":"product_tag","embeddable":true,"href":"https:\/\/tiendapl.com.ec\/index.php\/wp-json\/wp\/v2\/product_tag?post=15249"}],"curies":[{"name":"wp","href":"https:\/\/api.w.org\/{rel}","templated":true}]}}