{"id":15271,"date":"2024-07-05T21:50:43","date_gmt":"2024-07-05T21:50:43","guid":{"rendered":"https:\/\/tiendapl.com.ec\/?post_type=product&#038;p=15271"},"modified":"2024-07-05T21:50:43","modified_gmt":"2024-07-05T21:50:43","slug":"banera-con-termometro-my-43","status":"publish","type":"product","link":"https:\/\/tiendapl.com.ec\/index.php\/product\/banera-con-termometro-my-43\/","title":{"rendered":"Ba\u00f1era con term\u00f3metro MY-43"},"content":{"rendered":"","protected":false},"excerpt":{"rendered":"<p>C\u00f3digo: PL-351. Material grueso: material de PP + capa de caucho suave TPE, es lo suficientemente seguro para el beb\u00e9.<\/p>\n","protected":false},"featured_media":15272,"template":"","meta":[],"product_cat":[87,68],"product_tag":[],"_links":{"self":[{"href":"https:\/\/tiendapl.com.ec\/index.php\/wp-json\/wp\/v2\/product\/15271"}],"collection":[{"href":"https:\/\/tiendapl.com.ec\/index.php\/wp-json\/wp\/v2\/product"}],"about":[{"href":"https:\/\/tiendapl.com.ec\/index.php\/wp-json\/wp\/v2\/types\/product"}],"version-history":[{"count":1,"href":"https:\/\/tiendapl.com.ec\/index.php\/wp-json\/wp\/v2\/product\/15271\/revisions"}],"predecessor-version":[{"id":15273,"href":"https:\/\/tiendapl.com.ec\/index.php\/wp-json\/wp\/v2\/product\/15271\/revisions\/15273"}],"wp:featuredmedia":[{"embeddable":true,"href":"https:\/\/tiendapl.com.ec\/index.php\/wp-json\/wp\/v2\/media\/15272"}],"wp:attachment":[{"href":"https:\/\/tiendapl.com.ec\/index.php\/wp-json\/wp\/v2\/media?parent=15271"}],"wp:term":[{"taxonomy":"product_cat","embeddable":true,"href":"https:\/\/tiendapl.com.ec\/index.php\/wp-json\/wp\/v2\/product_cat?post=15271"},{"taxonomy":"product_tag","embeddable":true,"href":"https:\/\/tiendapl.com.ec\/index.php\/wp-json\/wp\/v2\/product_tag?post=15271"}],"curies":[{"name":"wp","href":"https:\/\/api.w.org\/{rel}","templated":true}]}}