{"id":15323,"date":"2024-07-07T20:34:39","date_gmt":"2024-07-07T20:34:39","guid":{"rendered":"https:\/\/tiendapl.com.ec\/?post_type=product&#038;p=15323"},"modified":"2024-07-07T20:34:40","modified_gmt":"2024-07-07T20:34:40","slug":"pantalla-lcd-16","status":"publish","type":"product","link":"https:\/\/tiendapl.com.ec\/index.php\/product\/pantalla-lcd-16\/","title":{"rendered":"Pantalla LCD 16&#8243;"},"content":{"rendered":"","protected":false},"excerpt":{"rendered":"<p>C\u00f3digo: YGY0346. <span class=\"a-list-item\">Regalo ideal: esta tableta de escritura LCD con pantalla a color es un regalo ideal para ni\u00f1os peque\u00f1os, amigos, familiares y ni\u00f1os en edad preescolar.<\/span><\/p>\n","protected":false},"featured_media":15324,"template":"","meta":[],"product_cat":[67],"product_tag":[417],"_links":{"self":[{"href":"https:\/\/tiendapl.com.ec\/index.php\/wp-json\/wp\/v2\/product\/15323"}],"collection":[{"href":"https:\/\/tiendapl.com.ec\/index.php\/wp-json\/wp\/v2\/product"}],"about":[{"href":"https:\/\/tiendapl.com.ec\/index.php\/wp-json\/wp\/v2\/types\/product"}],"version-history":[{"count":1,"href":"https:\/\/tiendapl.com.ec\/index.php\/wp-json\/wp\/v2\/product\/15323\/revisions"}],"predecessor-version":[{"id":15325,"href":"https:\/\/tiendapl.com.ec\/index.php\/wp-json\/wp\/v2\/product\/15323\/revisions\/15325"}],"wp:featuredmedia":[{"embeddable":true,"href":"https:\/\/tiendapl.com.ec\/index.php\/wp-json\/wp\/v2\/media\/15324"}],"wp:attachment":[{"href":"https:\/\/tiendapl.com.ec\/index.php\/wp-json\/wp\/v2\/media?parent=15323"}],"wp:term":[{"taxonomy":"product_cat","embeddable":true,"href":"https:\/\/tiendapl.com.ec\/index.php\/wp-json\/wp\/v2\/product_cat?post=15323"},{"taxonomy":"product_tag","embeddable":true,"href":"https:\/\/tiendapl.com.ec\/index.php\/wp-json\/wp\/v2\/product_tag?post=15323"}],"curies":[{"name":"wp","href":"https:\/\/api.w.org\/{rel}","templated":true}]}}