{"id":15613,"date":"2024-07-18T20:15:51","date_gmt":"2024-07-18T20:15:51","guid":{"rendered":"https:\/\/tiendapl.com.ec\/?post_type=product&#038;p=15613"},"modified":"2024-07-18T20:15:53","modified_gmt":"2024-07-18T20:15:53","slug":"limpia-todo-inalambrico","status":"publish","type":"product","link":"https:\/\/tiendapl.com.ec\/index.php\/product\/limpia-todo-inalambrico\/","title":{"rendered":"Limpia todo Inal\u00e1mbrico"},"content":{"rendered":"","protected":false},"excerpt":{"rendered":"<p>C\u00f3digo: 17120-169. <span class=\"a-list-item\">Funcional y pr\u00e1ctico: este cepillo de limpieza el\u00e9ctrico te ofrece muchas comodidades, y permite que el cepillo entre f\u00e1cilmente en esquinas, grietas y l\u00edneas de lechada, ya que est\u00e1 dise\u00f1ado con un cabezal de esponja de cepillo redondo extra\u00edble.<\/span><\/p>\n","protected":false},"featured_media":15614,"template":"","meta":[],"product_cat":[71],"product_tag":[],"_links":{"self":[{"href":"https:\/\/tiendapl.com.ec\/index.php\/wp-json\/wp\/v2\/product\/15613"}],"collection":[{"href":"https:\/\/tiendapl.com.ec\/index.php\/wp-json\/wp\/v2\/product"}],"about":[{"href":"https:\/\/tiendapl.com.ec\/index.php\/wp-json\/wp\/v2\/types\/product"}],"version-history":[{"count":1,"href":"https:\/\/tiendapl.com.ec\/index.php\/wp-json\/wp\/v2\/product\/15613\/revisions"}],"predecessor-version":[{"id":15615,"href":"https:\/\/tiendapl.com.ec\/index.php\/wp-json\/wp\/v2\/product\/15613\/revisions\/15615"}],"wp:featuredmedia":[{"embeddable":true,"href":"https:\/\/tiendapl.com.ec\/index.php\/wp-json\/wp\/v2\/media\/15614"}],"wp:attachment":[{"href":"https:\/\/tiendapl.com.ec\/index.php\/wp-json\/wp\/v2\/media?parent=15613"}],"wp:term":[{"taxonomy":"product_cat","embeddable":true,"href":"https:\/\/tiendapl.com.ec\/index.php\/wp-json\/wp\/v2\/product_cat?post=15613"},{"taxonomy":"product_tag","embeddable":true,"href":"https:\/\/tiendapl.com.ec\/index.php\/wp-json\/wp\/v2\/product_tag?post=15613"}],"curies":[{"name":"wp","href":"https:\/\/api.w.org\/{rel}","templated":true}]}}