{"id":15676,"date":"2024-07-25T21:23:06","date_gmt":"2024-07-25T21:23:06","guid":{"rendered":"https:\/\/tiendapl.com.ec\/?post_type=product&#038;p=15676"},"modified":"2024-07-25T21:23:06","modified_gmt":"2024-07-25T21:23:06","slug":"campana-extractora-rca-mh10aw-90-cm","status":"publish","type":"product","link":"https:\/\/tiendapl.com.ec\/index.php\/product\/campana-extractora-rca-mh10aw-90-cm\/","title":{"rendered":"Campana extractora RCA MH10AW 90 CM"},"content":{"rendered":"","protected":false},"excerpt":{"rendered":"<p>C\u00f3digo: 5RCAE02. Color: Blanco. Cocina tus comida y olv\u00eddate de los olores con la campana extractora de RCA, dise\u00f1o cromado de 90 cm con funci\u00f3n de recirculaci\u00f3n de aire, este pasa por el filtro de carb\u00f3n activo y atrapa los olores limpiando el aire. Atrapa la grasa y posee l\u00e1mpara para una mejo iluminaci\u00f3n.<\/p>\n","protected":false},"featured_media":15677,"template":"","meta":[],"product_cat":[65,72],"product_tag":[],"_links":{"self":[{"href":"https:\/\/tiendapl.com.ec\/index.php\/wp-json\/wp\/v2\/product\/15676"}],"collection":[{"href":"https:\/\/tiendapl.com.ec\/index.php\/wp-json\/wp\/v2\/product"}],"about":[{"href":"https:\/\/tiendapl.com.ec\/index.php\/wp-json\/wp\/v2\/types\/product"}],"version-history":[{"count":1,"href":"https:\/\/tiendapl.com.ec\/index.php\/wp-json\/wp\/v2\/product\/15676\/revisions"}],"predecessor-version":[{"id":15678,"href":"https:\/\/tiendapl.com.ec\/index.php\/wp-json\/wp\/v2\/product\/15676\/revisions\/15678"}],"wp:featuredmedia":[{"embeddable":true,"href":"https:\/\/tiendapl.com.ec\/index.php\/wp-json\/wp\/v2\/media\/15677"}],"wp:attachment":[{"href":"https:\/\/tiendapl.com.ec\/index.php\/wp-json\/wp\/v2\/media?parent=15676"}],"wp:term":[{"taxonomy":"product_cat","embeddable":true,"href":"https:\/\/tiendapl.com.ec\/index.php\/wp-json\/wp\/v2\/product_cat?post=15676"},{"taxonomy":"product_tag","embeddable":true,"href":"https:\/\/tiendapl.com.ec\/index.php\/wp-json\/wp\/v2\/product_tag?post=15676"}],"curies":[{"name":"wp","href":"https:\/\/api.w.org\/{rel}","templated":true}]}}