{"id":15730,"date":"2024-08-01T21:05:16","date_gmt":"2024-08-01T21:05:16","guid":{"rendered":"https:\/\/tiendapl.com.ec\/?post_type=product&#038;p=15730"},"modified":"2024-08-01T21:05:16","modified_gmt":"2024-08-01T21:05:16","slug":"consola-de-juego-x7","status":"publish","type":"product","link":"https:\/\/tiendapl.com.ec\/index.php\/product\/consola-de-juego-x7\/","title":{"rendered":"Consola de juego X7"},"content":{"rendered":"","protected":false},"excerpt":{"rendered":"<p>C\u00f3digo: X7CONSOLAJUEGO. Descubre la consola de juegos port\u00e1til X7, tu portal a la nostalgia y la diversi\u00f3n sin l\u00edmites. Con su pantalla LCD de 4.3 pulgadas, 8GB de memoria y m\u00e1s de 3000 juegos cl\u00e1sicos preinstalados.<\/p>\n","protected":false},"featured_media":15731,"template":"","meta":[],"product_cat":[66,67],"product_tag":[],"_links":{"self":[{"href":"https:\/\/tiendapl.com.ec\/index.php\/wp-json\/wp\/v2\/product\/15730"}],"collection":[{"href":"https:\/\/tiendapl.com.ec\/index.php\/wp-json\/wp\/v2\/product"}],"about":[{"href":"https:\/\/tiendapl.com.ec\/index.php\/wp-json\/wp\/v2\/types\/product"}],"version-history":[{"count":1,"href":"https:\/\/tiendapl.com.ec\/index.php\/wp-json\/wp\/v2\/product\/15730\/revisions"}],"predecessor-version":[{"id":15732,"href":"https:\/\/tiendapl.com.ec\/index.php\/wp-json\/wp\/v2\/product\/15730\/revisions\/15732"}],"wp:featuredmedia":[{"embeddable":true,"href":"https:\/\/tiendapl.com.ec\/index.php\/wp-json\/wp\/v2\/media\/15731"}],"wp:attachment":[{"href":"https:\/\/tiendapl.com.ec\/index.php\/wp-json\/wp\/v2\/media?parent=15730"}],"wp:term":[{"taxonomy":"product_cat","embeddable":true,"href":"https:\/\/tiendapl.com.ec\/index.php\/wp-json\/wp\/v2\/product_cat?post=15730"},{"taxonomy":"product_tag","embeddable":true,"href":"https:\/\/tiendapl.com.ec\/index.php\/wp-json\/wp\/v2\/product_tag?post=15730"}],"curies":[{"name":"wp","href":"https:\/\/api.w.org\/{rel}","templated":true}]}}