{"id":15739,"date":"2024-08-16T15:22:02","date_gmt":"2024-08-16T15:22:02","guid":{"rendered":"https:\/\/tiendapl.com.ec\/?post_type=product&#038;p=15739"},"modified":"2024-08-16T15:22:03","modified_gmt":"2024-08-16T15:22:03","slug":"pizarra-de-escritura-8-5-2","status":"publish","type":"product","link":"https:\/\/tiendapl.com.ec\/index.php\/product\/pizarra-de-escritura-8-5-2\/","title":{"rendered":"Pizarra de escritura 8.5&#8243;"},"content":{"rendered":"","protected":false},"excerpt":{"rendered":"<p>C\u00f3digo: 1974-42.<\/p>\n<ul>\n<li>Tablet LCD de f\u00e1cil uso ,se puede usar repetidamente, ahorrando el uso de papel.<\/li>\n<li>Dise\u00f1o ultra ligero, borra las im\u00e1genes con tan solo tocar un bot\u00f3n.<\/li>\n<li>Material pr\u00e1ctico para los ni\u00f1os, para practicar el ingenio ,el dibujo y sumas matem\u00e1ticas.<\/li>\n<\/ul>\n","protected":false},"featured_media":15740,"template":"","meta":[],"product_cat":[67],"product_tag":[404,461],"_links":{"self":[{"href":"https:\/\/tiendapl.com.ec\/index.php\/wp-json\/wp\/v2\/product\/15739"}],"collection":[{"href":"https:\/\/tiendapl.com.ec\/index.php\/wp-json\/wp\/v2\/product"}],"about":[{"href":"https:\/\/tiendapl.com.ec\/index.php\/wp-json\/wp\/v2\/types\/product"}],"version-history":[{"count":1,"href":"https:\/\/tiendapl.com.ec\/index.php\/wp-json\/wp\/v2\/product\/15739\/revisions"}],"predecessor-version":[{"id":15741,"href":"https:\/\/tiendapl.com.ec\/index.php\/wp-json\/wp\/v2\/product\/15739\/revisions\/15741"}],"wp:featuredmedia":[{"embeddable":true,"href":"https:\/\/tiendapl.com.ec\/index.php\/wp-json\/wp\/v2\/media\/15740"}],"wp:attachment":[{"href":"https:\/\/tiendapl.com.ec\/index.php\/wp-json\/wp\/v2\/media?parent=15739"}],"wp:term":[{"taxonomy":"product_cat","embeddable":true,"href":"https:\/\/tiendapl.com.ec\/index.php\/wp-json\/wp\/v2\/product_cat?post=15739"},{"taxonomy":"product_tag","embeddable":true,"href":"https:\/\/tiendapl.com.ec\/index.php\/wp-json\/wp\/v2\/product_tag?post=15739"}],"curies":[{"name":"wp","href":"https:\/\/api.w.org\/{rel}","templated":true}]}}