{"id":15753,"date":"2024-08-22T00:01:30","date_gmt":"2024-08-22T00:01:30","guid":{"rendered":"https:\/\/tiendapl.com.ec\/?post_type=product&#038;p=15753"},"modified":"2024-08-22T00:01:30","modified_gmt":"2024-08-22T00:01:30","slug":"dispensador-de-agua-tcl","status":"publish","type":"product","link":"https:\/\/tiendapl.com.ec\/index.php\/product\/dispensador-de-agua-tcl\/","title":{"rendered":"DISPENSADOR DE AGUA TCL"},"content":{"rendered":"","protected":false},"excerpt":{"rendered":"<p>Codigo : 5D1021B<\/p>\n<ul class=\"list-dots\">\n<li>-Disfrute del agua a su temperatura preferida con el dispensador de agua de carga inferior de 3 grifos TCL, TY-LWYR91T<\/li>\n<li>-Este innovador dispensador de agua TCL est\u00e1 equipado con refrigeraci\u00f3n por compresor de alta eficiencia que ofrece un rendimiento \u00f3ptimo de control de temperatura.<\/li>\n<li>-El dispensador de agua cuenta con 3 grifos con tres controles intuitivos para agua normal, caliente y fr\u00eda<\/li>\n<li>-Cuenta con capacidad de agua fr\u00eda de 2 l\/h y capacidad de agua caliente de 5 l\/h.<\/li>\n<li>-Dise\u00f1ado con un tanque de agua de acero inoxidable con excelente resistencia a la corrosi\u00f3n<\/li>\n<li>-Tiene un dise\u00f1o delgado y elegante perfecto para cualquier est\u00e9tica de cocina o Oficina .<\/li>\n<\/ul>\n<p>&nbsp;<\/p>\n","protected":false},"featured_media":15754,"template":"","meta":[],"product_cat":[65,83],"product_tag":[],"_links":{"self":[{"href":"https:\/\/tiendapl.com.ec\/index.php\/wp-json\/wp\/v2\/product\/15753"}],"collection":[{"href":"https:\/\/tiendapl.com.ec\/index.php\/wp-json\/wp\/v2\/product"}],"about":[{"href":"https:\/\/tiendapl.com.ec\/index.php\/wp-json\/wp\/v2\/types\/product"}],"version-history":[{"count":1,"href":"https:\/\/tiendapl.com.ec\/index.php\/wp-json\/wp\/v2\/product\/15753\/revisions"}],"predecessor-version":[{"id":15757,"href":"https:\/\/tiendapl.com.ec\/index.php\/wp-json\/wp\/v2\/product\/15753\/revisions\/15757"}],"wp:featuredmedia":[{"embeddable":true,"href":"https:\/\/tiendapl.com.ec\/index.php\/wp-json\/wp\/v2\/media\/15754"}],"wp:attachment":[{"href":"https:\/\/tiendapl.com.ec\/index.php\/wp-json\/wp\/v2\/media?parent=15753"}],"wp:term":[{"taxonomy":"product_cat","embeddable":true,"href":"https:\/\/tiendapl.com.ec\/index.php\/wp-json\/wp\/v2\/product_cat?post=15753"},{"taxonomy":"product_tag","embeddable":true,"href":"https:\/\/tiendapl.com.ec\/index.php\/wp-json\/wp\/v2\/product_tag?post=15753"}],"curies":[{"name":"wp","href":"https:\/\/api.w.org\/{rel}","templated":true}]}}