{"id":15816,"date":"2024-11-21T21:04:13","date_gmt":"2024-11-21T21:04:13","guid":{"rendered":"https:\/\/tiendapl.com.ec\/?post_type=product&#038;p=15816"},"modified":"2024-11-21T21:04:13","modified_gmt":"2024-11-21T21:04:13","slug":"cargador-3-en-1","status":"publish","type":"product","link":"https:\/\/tiendapl.com.ec\/index.php\/product\/cargador-3-en-1\/","title":{"rendered":"Cargador 3 en 1"},"content":{"rendered":"","protected":false},"excerpt":{"rendered":"<p>C\u00f3digo: PL-1426. 3 en 1 cargador inal\u00e1mbrico magn\u00e9tico en forma de C creativo para tel\u00e9fonos m\u00f3viles \/ relojes \/ auriculares.<\/p>\n","protected":false},"featured_media":15817,"template":"","meta":[],"product_cat":[66],"product_tag":[],"_links":{"self":[{"href":"https:\/\/tiendapl.com.ec\/index.php\/wp-json\/wp\/v2\/product\/15816"}],"collection":[{"href":"https:\/\/tiendapl.com.ec\/index.php\/wp-json\/wp\/v2\/product"}],"about":[{"href":"https:\/\/tiendapl.com.ec\/index.php\/wp-json\/wp\/v2\/types\/product"}],"version-history":[{"count":1,"href":"https:\/\/tiendapl.com.ec\/index.php\/wp-json\/wp\/v2\/product\/15816\/revisions"}],"predecessor-version":[{"id":15818,"href":"https:\/\/tiendapl.com.ec\/index.php\/wp-json\/wp\/v2\/product\/15816\/revisions\/15818"}],"wp:featuredmedia":[{"embeddable":true,"href":"https:\/\/tiendapl.com.ec\/index.php\/wp-json\/wp\/v2\/media\/15817"}],"wp:attachment":[{"href":"https:\/\/tiendapl.com.ec\/index.php\/wp-json\/wp\/v2\/media?parent=15816"}],"wp:term":[{"taxonomy":"product_cat","embeddable":true,"href":"https:\/\/tiendapl.com.ec\/index.php\/wp-json\/wp\/v2\/product_cat?post=15816"},{"taxonomy":"product_tag","embeddable":true,"href":"https:\/\/tiendapl.com.ec\/index.php\/wp-json\/wp\/v2\/product_tag?post=15816"}],"curies":[{"name":"wp","href":"https:\/\/api.w.org\/{rel}","templated":true}]}}