{"id":15888,"date":"2025-01-16T17:45:43","date_gmt":"2025-01-16T17:45:43","guid":{"rendered":"https:\/\/tiendapl.com.ec\/?post_type=product&#038;p=15888"},"modified":"2025-01-16T17:45:44","modified_gmt":"2025-01-16T17:45:44","slug":"maquina-de-aprendizaje","status":"publish","type":"product","link":"https:\/\/tiendapl.com.ec\/index.php\/product\/maquina-de-aprendizaje\/","title":{"rendered":"M\u00e1quina de aprendizaje"},"content":{"rendered":"","protected":false},"excerpt":{"rendered":"<p>C\u00f3digo: PL-1093. <span id=\"productTitle\" class=\"a-size-large product-title-word-break\">Calculadora de ense\u00f1anza de matem\u00e1ticas para ni\u00f1os, herramienta educativa f\u00e1cil de usar.<\/span><\/p>\n","protected":false},"featured_media":15890,"template":"","meta":[],"product_cat":[67],"product_tag":[],"_links":{"self":[{"href":"https:\/\/tiendapl.com.ec\/index.php\/wp-json\/wp\/v2\/product\/15888"}],"collection":[{"href":"https:\/\/tiendapl.com.ec\/index.php\/wp-json\/wp\/v2\/product"}],"about":[{"href":"https:\/\/tiendapl.com.ec\/index.php\/wp-json\/wp\/v2\/types\/product"}],"version-history":[{"count":2,"href":"https:\/\/tiendapl.com.ec\/index.php\/wp-json\/wp\/v2\/product\/15888\/revisions"}],"predecessor-version":[{"id":15891,"href":"https:\/\/tiendapl.com.ec\/index.php\/wp-json\/wp\/v2\/product\/15888\/revisions\/15891"}],"wp:featuredmedia":[{"embeddable":true,"href":"https:\/\/tiendapl.com.ec\/index.php\/wp-json\/wp\/v2\/media\/15890"}],"wp:attachment":[{"href":"https:\/\/tiendapl.com.ec\/index.php\/wp-json\/wp\/v2\/media?parent=15888"}],"wp:term":[{"taxonomy":"product_cat","embeddable":true,"href":"https:\/\/tiendapl.com.ec\/index.php\/wp-json\/wp\/v2\/product_cat?post=15888"},{"taxonomy":"product_tag","embeddable":true,"href":"https:\/\/tiendapl.com.ec\/index.php\/wp-json\/wp\/v2\/product_tag?post=15888"}],"curies":[{"name":"wp","href":"https:\/\/api.w.org\/{rel}","templated":true}]}}