{"id":15943,"date":"2025-01-24T17:22:16","date_gmt":"2025-01-24T17:22:16","guid":{"rendered":"https:\/\/tiendapl.com.ec\/?post_type=product&#038;p=15943"},"modified":"2025-11-22T19:44:09","modified_gmt":"2025-11-22T19:44:09","slug":"batidor-electrico-sokany","status":"publish","type":"product","link":"https:\/\/tiendapl.com.ec\/index.php\/product\/batidor-electrico-sokany\/","title":{"rendered":"Batidor el\u00e9ctrico Sokany"},"content":{"rendered":"","protected":false},"excerpt":{"rendered":"<p>C\u00f3digo: PL-1223. Espumador de leche recargable por USB con indicador de nivel de bater\u00eda. Modelo: SK-02014.<\/p>\n","protected":false},"featured_media":15944,"template":"","meta":[],"product_cat":[108,65],"product_tag":[391],"_links":{"self":[{"href":"https:\/\/tiendapl.com.ec\/index.php\/wp-json\/wp\/v2\/product\/15943"}],"collection":[{"href":"https:\/\/tiendapl.com.ec\/index.php\/wp-json\/wp\/v2\/product"}],"about":[{"href":"https:\/\/tiendapl.com.ec\/index.php\/wp-json\/wp\/v2\/types\/product"}],"version-history":[{"count":1,"href":"https:\/\/tiendapl.com.ec\/index.php\/wp-json\/wp\/v2\/product\/15943\/revisions"}],"predecessor-version":[{"id":15945,"href":"https:\/\/tiendapl.com.ec\/index.php\/wp-json\/wp\/v2\/product\/15943\/revisions\/15945"}],"wp:featuredmedia":[{"embeddable":true,"href":"https:\/\/tiendapl.com.ec\/index.php\/wp-json\/wp\/v2\/media\/15944"}],"wp:attachment":[{"href":"https:\/\/tiendapl.com.ec\/index.php\/wp-json\/wp\/v2\/media?parent=15943"}],"wp:term":[{"taxonomy":"product_cat","embeddable":true,"href":"https:\/\/tiendapl.com.ec\/index.php\/wp-json\/wp\/v2\/product_cat?post=15943"},{"taxonomy":"product_tag","embeddable":true,"href":"https:\/\/tiendapl.com.ec\/index.php\/wp-json\/wp\/v2\/product_tag?post=15943"}],"curies":[{"name":"wp","href":"https:\/\/api.w.org\/{rel}","templated":true}]}}