{"id":15946,"date":"2025-01-24T17:30:56","date_gmt":"2025-01-24T17:30:56","guid":{"rendered":"https:\/\/tiendapl.com.ec\/?post_type=product&#038;p=15946"},"modified":"2025-01-24T19:18:19","modified_gmt":"2025-01-24T19:18:19","slug":"plancha-a-vapor-sokany","status":"publish","type":"product","link":"https:\/\/tiendapl.com.ec\/index.php\/product\/plancha-a-vapor-sokany\/","title":{"rendered":"Plancha a vapor Sokany"},"content":{"rendered":"","protected":false},"excerpt":{"rendered":"<p>C\u00f3digo: PL-1220. Eliminaci\u00f3n de arrugas y renovaci\u00f3n: elimina las arrugas y los olores de la ropa, s\u00e1banas, cortinas, tapizados y m\u00e1s. Modelo: SK-4007.<\/p>\n","protected":false},"featured_media":15947,"template":"","meta":[],"product_cat":[65,74],"product_tag":[186,391],"_links":{"self":[{"href":"https:\/\/tiendapl.com.ec\/index.php\/wp-json\/wp\/v2\/product\/15946"}],"collection":[{"href":"https:\/\/tiendapl.com.ec\/index.php\/wp-json\/wp\/v2\/product"}],"about":[{"href":"https:\/\/tiendapl.com.ec\/index.php\/wp-json\/wp\/v2\/types\/product"}],"version-history":[{"count":1,"href":"https:\/\/tiendapl.com.ec\/index.php\/wp-json\/wp\/v2\/product\/15946\/revisions"}],"predecessor-version":[{"id":15948,"href":"https:\/\/tiendapl.com.ec\/index.php\/wp-json\/wp\/v2\/product\/15946\/revisions\/15948"}],"wp:featuredmedia":[{"embeddable":true,"href":"https:\/\/tiendapl.com.ec\/index.php\/wp-json\/wp\/v2\/media\/15947"}],"wp:attachment":[{"href":"https:\/\/tiendapl.com.ec\/index.php\/wp-json\/wp\/v2\/media?parent=15946"}],"wp:term":[{"taxonomy":"product_cat","embeddable":true,"href":"https:\/\/tiendapl.com.ec\/index.php\/wp-json\/wp\/v2\/product_cat?post=15946"},{"taxonomy":"product_tag","embeddable":true,"href":"https:\/\/tiendapl.com.ec\/index.php\/wp-json\/wp\/v2\/product_tag?post=15946"}],"curies":[{"name":"wp","href":"https:\/\/api.w.org\/{rel}","templated":true}]}}