{"id":15952,"date":"2025-01-24T19:16:06","date_gmt":"2025-01-24T19:16:06","guid":{"rendered":"https:\/\/tiendapl.com.ec\/?post_type=product&#038;p=15952"},"modified":"2025-01-24T19:16:07","modified_gmt":"2025-01-24T19:16:07","slug":"plancha-sokany","status":"publish","type":"product","link":"https:\/\/tiendapl.com.ec\/index.php\/product\/plancha-sokany\/","title":{"rendered":"Plancha Sokany"},"content":{"rendered":"","protected":false},"excerpt":{"rendered":"<p>C\u00f3digo: PL-1224. Plancha de vapor seca el\u00e9ctrica en transferencia de ropa de mano para ropa electrodom\u00e9sticos 110V. Modelo: SK-11016.<\/p>\n","protected":false},"featured_media":15953,"template":"","meta":[],"product_cat":[65],"product_tag":[186,391],"_links":{"self":[{"href":"https:\/\/tiendapl.com.ec\/index.php\/wp-json\/wp\/v2\/product\/15952"}],"collection":[{"href":"https:\/\/tiendapl.com.ec\/index.php\/wp-json\/wp\/v2\/product"}],"about":[{"href":"https:\/\/tiendapl.com.ec\/index.php\/wp-json\/wp\/v2\/types\/product"}],"version-history":[{"count":1,"href":"https:\/\/tiendapl.com.ec\/index.php\/wp-json\/wp\/v2\/product\/15952\/revisions"}],"predecessor-version":[{"id":15954,"href":"https:\/\/tiendapl.com.ec\/index.php\/wp-json\/wp\/v2\/product\/15952\/revisions\/15954"}],"wp:featuredmedia":[{"embeddable":true,"href":"https:\/\/tiendapl.com.ec\/index.php\/wp-json\/wp\/v2\/media\/15953"}],"wp:attachment":[{"href":"https:\/\/tiendapl.com.ec\/index.php\/wp-json\/wp\/v2\/media?parent=15952"}],"wp:term":[{"taxonomy":"product_cat","embeddable":true,"href":"https:\/\/tiendapl.com.ec\/index.php\/wp-json\/wp\/v2\/product_cat?post=15952"},{"taxonomy":"product_tag","embeddable":true,"href":"https:\/\/tiendapl.com.ec\/index.php\/wp-json\/wp\/v2\/product_tag?post=15952"}],"curies":[{"name":"wp","href":"https:\/\/api.w.org\/{rel}","templated":true}]}}