{"id":16005,"date":"2025-02-10T16:40:23","date_gmt":"2025-02-10T16:40:23","guid":{"rendered":"https:\/\/tiendapl.com.ec\/?post_type=product&#038;p=16005"},"modified":"2025-05-30T19:09:18","modified_gmt":"2025-05-30T19:09:18","slug":"mini-ventilador","status":"publish","type":"product","link":"https:\/\/tiendapl.com.ec\/index.php\/product\/mini-ventilador\/","title":{"rendered":"Mini ventilador"},"content":{"rendered":"","protected":false},"excerpt":{"rendered":"<p>C\u00f3digo: PL-1036.\u00a0 <span class=\"a-list-item\">Ligero y port\u00e1til: el ventilador de chorro de turbina es compacto y ligero, por lo que es ideal para actividades al aire libre. Ya sea un teclado, acelerar la quema de carb\u00f3n o limpiar la nieve de un autom\u00f3vil, esta vers\u00e1til herramienta es imprescindible.<\/span><\/p>\n","protected":false},"featured_media":16006,"template":"","meta":[],"product_cat":[71],"product_tag":[],"_links":{"self":[{"href":"https:\/\/tiendapl.com.ec\/index.php\/wp-json\/wp\/v2\/product\/16005"}],"collection":[{"href":"https:\/\/tiendapl.com.ec\/index.php\/wp-json\/wp\/v2\/product"}],"about":[{"href":"https:\/\/tiendapl.com.ec\/index.php\/wp-json\/wp\/v2\/types\/product"}],"version-history":[{"count":1,"href":"https:\/\/tiendapl.com.ec\/index.php\/wp-json\/wp\/v2\/product\/16005\/revisions"}],"predecessor-version":[{"id":16007,"href":"https:\/\/tiendapl.com.ec\/index.php\/wp-json\/wp\/v2\/product\/16005\/revisions\/16007"}],"wp:featuredmedia":[{"embeddable":true,"href":"https:\/\/tiendapl.com.ec\/index.php\/wp-json\/wp\/v2\/media\/16006"}],"wp:attachment":[{"href":"https:\/\/tiendapl.com.ec\/index.php\/wp-json\/wp\/v2\/media?parent=16005"}],"wp:term":[{"taxonomy":"product_cat","embeddable":true,"href":"https:\/\/tiendapl.com.ec\/index.php\/wp-json\/wp\/v2\/product_cat?post=16005"},{"taxonomy":"product_tag","embeddable":true,"href":"https:\/\/tiendapl.com.ec\/index.php\/wp-json\/wp\/v2\/product_tag?post=16005"}],"curies":[{"name":"wp","href":"https:\/\/api.w.org\/{rel}","templated":true}]}}