{"id":16293,"date":"2025-05-21T22:21:30","date_gmt":"2025-05-21T22:21:30","guid":{"rendered":"https:\/\/tiendapl.com.ec\/?post_type=product&#038;p=16293"},"modified":"2025-05-21T22:21:31","modified_gmt":"2025-05-21T22:21:31","slug":"hachuela-tramontina-23445-107","status":"publish","type":"product","link":"https:\/\/tiendapl.com.ec\/index.php\/product\/hachuela-tramontina-23445-107\/","title":{"rendered":"Hachuela Tramontina 23445\/107"},"content":{"rendered":"","protected":false},"excerpt":{"rendered":"<p>C\u00f3digo: 56TRBD4. Ideal para cortar, rebanar y picar. La l\u00e1mina de acero inoxidable tiene mayor durabilidad del filo debido al tratamiento t\u00e9rmico. El mango de polipropileno posee m\u00e1s resistencia y durabilidad. Es apto para lavavajillas para facilitar su rutina diaria.<\/p>\n","protected":false},"featured_media":16294,"template":"","meta":[],"product_cat":[108,65],"product_tag":[],"_links":{"self":[{"href":"https:\/\/tiendapl.com.ec\/index.php\/wp-json\/wp\/v2\/product\/16293"}],"collection":[{"href":"https:\/\/tiendapl.com.ec\/index.php\/wp-json\/wp\/v2\/product"}],"about":[{"href":"https:\/\/tiendapl.com.ec\/index.php\/wp-json\/wp\/v2\/types\/product"}],"version-history":[{"count":1,"href":"https:\/\/tiendapl.com.ec\/index.php\/wp-json\/wp\/v2\/product\/16293\/revisions"}],"predecessor-version":[{"id":16295,"href":"https:\/\/tiendapl.com.ec\/index.php\/wp-json\/wp\/v2\/product\/16293\/revisions\/16295"}],"wp:featuredmedia":[{"embeddable":true,"href":"https:\/\/tiendapl.com.ec\/index.php\/wp-json\/wp\/v2\/media\/16294"}],"wp:attachment":[{"href":"https:\/\/tiendapl.com.ec\/index.php\/wp-json\/wp\/v2\/media?parent=16293"}],"wp:term":[{"taxonomy":"product_cat","embeddable":true,"href":"https:\/\/tiendapl.com.ec\/index.php\/wp-json\/wp\/v2\/product_cat?post=16293"},{"taxonomy":"product_tag","embeddable":true,"href":"https:\/\/tiendapl.com.ec\/index.php\/wp-json\/wp\/v2\/product_tag?post=16293"}],"curies":[{"name":"wp","href":"https:\/\/api.w.org\/{rel}","templated":true}]}}