{"id":16299,"date":"2025-05-21T23:41:16","date_gmt":"2025-05-21T23:41:16","guid":{"rendered":"https:\/\/tiendapl.com.ec\/?post_type=product&#038;p=16299"},"modified":"2025-05-26T22:12:59","modified_gmt":"2025-05-26T22:12:59","slug":"olla-tramontina-loreto-20383-718","status":"publish","type":"product","link":"https:\/\/tiendapl.com.ec\/index.php\/product\/olla-tramontina-loreto-20383-718\/","title":{"rendered":"Olla Tramontina Loreto 20383\/718"},"content":{"rendered":"","protected":false},"excerpt":{"rendered":"<p>C\u00f3digo: 56TRCB2. La capacidad volum\u00e9trica m\u00e1xima de cocci\u00f3n es de 3\/4 de la capacidad total de la pieza. Ponga el mango del utensilio hacia el centro de la cocina. En cocinas con rejilla, centralice la pieza sobre la llama o fuente de calor y alinee el mango a la rejilla. Los utensilios calientes deben estar fuera del alcance de los ni\u00f1os.<\/p>\n","protected":false},"featured_media":16300,"template":"","meta":[],"product_cat":[108,65],"product_tag":[],"_links":{"self":[{"href":"https:\/\/tiendapl.com.ec\/index.php\/wp-json\/wp\/v2\/product\/16299"}],"collection":[{"href":"https:\/\/tiendapl.com.ec\/index.php\/wp-json\/wp\/v2\/product"}],"about":[{"href":"https:\/\/tiendapl.com.ec\/index.php\/wp-json\/wp\/v2\/types\/product"}],"version-history":[{"count":1,"href":"https:\/\/tiendapl.com.ec\/index.php\/wp-json\/wp\/v2\/product\/16299\/revisions"}],"predecessor-version":[{"id":16301,"href":"https:\/\/tiendapl.com.ec\/index.php\/wp-json\/wp\/v2\/product\/16299\/revisions\/16301"}],"wp:featuredmedia":[{"embeddable":true,"href":"https:\/\/tiendapl.com.ec\/index.php\/wp-json\/wp\/v2\/media\/16300"}],"wp:attachment":[{"href":"https:\/\/tiendapl.com.ec\/index.php\/wp-json\/wp\/v2\/media?parent=16299"}],"wp:term":[{"taxonomy":"product_cat","embeddable":true,"href":"https:\/\/tiendapl.com.ec\/index.php\/wp-json\/wp\/v2\/product_cat?post=16299"},{"taxonomy":"product_tag","embeddable":true,"href":"https:\/\/tiendapl.com.ec\/index.php\/wp-json\/wp\/v2\/product_tag?post=16299"}],"curies":[{"name":"wp","href":"https:\/\/api.w.org\/{rel}","templated":true}]}}