{"id":16305,"date":"2025-05-26T19:40:27","date_gmt":"2025-05-26T19:40:27","guid":{"rendered":"https:\/\/tiendapl.com.ec\/?post_type=product&#038;p=16305"},"modified":"2025-05-26T20:20:12","modified_gmt":"2025-05-26T20:20:12","slug":"juego-de-cubiertos-buzios-24-pzs-23799-071","status":"publish","type":"product","link":"https:\/\/tiendapl.com.ec\/index.php\/product\/juego-de-cubiertos-buzios-24-pzs-23799-071\/","title":{"rendered":"Juego de cubiertos Buzios 24 pzs 23799\/071"},"content":{"rendered":"","protected":false},"excerpt":{"rendered":"<p>C\u00f3digo: 56TRCGM. Las piezas est\u00e1n fabricadas en acero inoxidable, que conserva su belleza, cualidades higi\u00e9nicas y durabilidad durante toda la vida \u00fatil de los cubiertos. 6 cuchillos de asado de 3.0 mm. 6 tenedores de mesa de 1.6 mm. 6 cucharas de mesa de 1.8 mm. 6 cucharitas para t\u00e9 de 1.0 mm.<\/p>\n","protected":false},"featured_media":16306,"template":"","meta":[],"product_cat":[108,65],"product_tag":[],"_links":{"self":[{"href":"https:\/\/tiendapl.com.ec\/index.php\/wp-json\/wp\/v2\/product\/16305"}],"collection":[{"href":"https:\/\/tiendapl.com.ec\/index.php\/wp-json\/wp\/v2\/product"}],"about":[{"href":"https:\/\/tiendapl.com.ec\/index.php\/wp-json\/wp\/v2\/types\/product"}],"version-history":[{"count":1,"href":"https:\/\/tiendapl.com.ec\/index.php\/wp-json\/wp\/v2\/product\/16305\/revisions"}],"predecessor-version":[{"id":16307,"href":"https:\/\/tiendapl.com.ec\/index.php\/wp-json\/wp\/v2\/product\/16305\/revisions\/16307"}],"wp:featuredmedia":[{"embeddable":true,"href":"https:\/\/tiendapl.com.ec\/index.php\/wp-json\/wp\/v2\/media\/16306"}],"wp:attachment":[{"href":"https:\/\/tiendapl.com.ec\/index.php\/wp-json\/wp\/v2\/media?parent=16305"}],"wp:term":[{"taxonomy":"product_cat","embeddable":true,"href":"https:\/\/tiendapl.com.ec\/index.php\/wp-json\/wp\/v2\/product_cat?post=16305"},{"taxonomy":"product_tag","embeddable":true,"href":"https:\/\/tiendapl.com.ec\/index.php\/wp-json\/wp\/v2\/product_tag?post=16305"}],"curies":[{"name":"wp","href":"https:\/\/api.w.org\/{rel}","templated":true}]}}