{"id":16311,"date":"2025-05-26T19:56:09","date_gmt":"2025-05-26T19:56:09","guid":{"rendered":"https:\/\/tiendapl.com.ec\/?post_type=product&#038;p=16311"},"modified":"2025-05-26T19:56:09","modified_gmt":"2025-05-26T19:56:09","slug":"espatula-para-pastel-cosmos-63950-150","status":"publish","type":"product","link":"https:\/\/tiendapl.com.ec\/index.php\/product\/espatula-para-pastel-cosmos-63950-150\/","title":{"rendered":"Esp\u00e1tula para pastel Cosmos 63950\/150"},"content":{"rendered":"","protected":false},"excerpt":{"rendered":"<p>C\u00f3digo: 56TRCIJ. Fabricado \u00edntegramente en acero inoxidable, mantiene sus caracter\u00edsticas originales, conservando la belleza, higiene y durabilidad del material. Acabado brillante. Apto para el uso diario, se integra en cualquier entorno. Se puede lavar a diario en el lavavajillas.<\/p>\n","protected":false},"featured_media":16312,"template":"","meta":[],"product_cat":[108,65],"product_tag":[],"_links":{"self":[{"href":"https:\/\/tiendapl.com.ec\/index.php\/wp-json\/wp\/v2\/product\/16311"}],"collection":[{"href":"https:\/\/tiendapl.com.ec\/index.php\/wp-json\/wp\/v2\/product"}],"about":[{"href":"https:\/\/tiendapl.com.ec\/index.php\/wp-json\/wp\/v2\/types\/product"}],"version-history":[{"count":1,"href":"https:\/\/tiendapl.com.ec\/index.php\/wp-json\/wp\/v2\/product\/16311\/revisions"}],"predecessor-version":[{"id":16313,"href":"https:\/\/tiendapl.com.ec\/index.php\/wp-json\/wp\/v2\/product\/16311\/revisions\/16313"}],"wp:featuredmedia":[{"embeddable":true,"href":"https:\/\/tiendapl.com.ec\/index.php\/wp-json\/wp\/v2\/media\/16312"}],"wp:attachment":[{"href":"https:\/\/tiendapl.com.ec\/index.php\/wp-json\/wp\/v2\/media?parent=16311"}],"wp:term":[{"taxonomy":"product_cat","embeddable":true,"href":"https:\/\/tiendapl.com.ec\/index.php\/wp-json\/wp\/v2\/product_cat?post=16311"},{"taxonomy":"product_tag","embeddable":true,"href":"https:\/\/tiendapl.com.ec\/index.php\/wp-json\/wp\/v2\/product_tag?post=16311"}],"curies":[{"name":"wp","href":"https:\/\/api.w.org\/{rel}","templated":true}]}}