{"id":16317,"date":"2025-05-26T20:13:14","date_gmt":"2025-05-26T20:13:14","guid":{"rendered":"https:\/\/tiendapl.com.ec\/?post_type=product&#038;p=16317"},"modified":"2025-05-26T20:13:14","modified_gmt":"2025-05-26T20:13:14","slug":"sarten-tramontina-para-huevo-20182-013","status":"publish","type":"product","link":"https:\/\/tiendapl.com.ec\/index.php\/product\/sarten-tramontina-para-huevo-20182-013\/","title":{"rendered":"Sarten Tramontina  para huevo 20182\/013"},"content":{"rendered":"","protected":false},"excerpt":{"rendered":"<p>C\u00f3digo: 56TRG1D. La sart\u00e9n para huevo Tramontina Turim en aluminio con revestimiento antiadherente Starflon Max y mango baquelita plomo 13 cent\u00edmetros de di\u00e1metro y 0,4 litros garantiza practicidad en la preparaci\u00f3n de tus recetas.<\/p>\n","protected":false},"featured_media":16318,"template":"","meta":[],"product_cat":[108,65],"product_tag":[],"_links":{"self":[{"href":"https:\/\/tiendapl.com.ec\/index.php\/wp-json\/wp\/v2\/product\/16317"}],"collection":[{"href":"https:\/\/tiendapl.com.ec\/index.php\/wp-json\/wp\/v2\/product"}],"about":[{"href":"https:\/\/tiendapl.com.ec\/index.php\/wp-json\/wp\/v2\/types\/product"}],"version-history":[{"count":1,"href":"https:\/\/tiendapl.com.ec\/index.php\/wp-json\/wp\/v2\/product\/16317\/revisions"}],"predecessor-version":[{"id":16319,"href":"https:\/\/tiendapl.com.ec\/index.php\/wp-json\/wp\/v2\/product\/16317\/revisions\/16319"}],"wp:featuredmedia":[{"embeddable":true,"href":"https:\/\/tiendapl.com.ec\/index.php\/wp-json\/wp\/v2\/media\/16318"}],"wp:attachment":[{"href":"https:\/\/tiendapl.com.ec\/index.php\/wp-json\/wp\/v2\/media?parent=16317"}],"wp:term":[{"taxonomy":"product_cat","embeddable":true,"href":"https:\/\/tiendapl.com.ec\/index.php\/wp-json\/wp\/v2\/product_cat?post=16317"},{"taxonomy":"product_tag","embeddable":true,"href":"https:\/\/tiendapl.com.ec\/index.php\/wp-json\/wp\/v2\/product_tag?post=16317"}],"curies":[{"name":"wp","href":"https:\/\/api.w.org\/{rel}","templated":true}]}}