{"id":16320,"date":"2025-05-26T20:46:18","date_gmt":"2025-05-26T20:46:18","guid":{"rendered":"https:\/\/tiendapl.com.ec\/?post_type=product&#038;p=16320"},"modified":"2025-05-26T20:46:19","modified_gmt":"2025-05-26T20:46:19","slug":"sarten-turim-24-cm-20260-724","status":"publish","type":"product","link":"https:\/\/tiendapl.com.ec\/index.php\/product\/sarten-turim-24-cm-20260-724\/","title":{"rendered":"Sarten Turim 24 cm 20260\/724"},"content":{"rendered":"","protected":false},"excerpt":{"rendered":"<p>C\u00f3digo: 56TRG10. La sart\u00e9n Tramontina Turim en aluminio con revestimiento interno y externo con antiadherente Starflon Max roja 24 cent\u00edmetros de di\u00e1metro y 1,4 litros es una excelente elecci\u00f3n. Hecha de aluminio, con 1,2 mil\u00edmetros de espesor, tiene un revestimiento interno y externo con antiadherente Starflon Max, material que evita que los alimentos se peguen en su superficie y facilita mucho la limpieza.<\/p>\n","protected":false},"featured_media":16321,"template":"","meta":[],"product_cat":[108,65],"product_tag":[],"_links":{"self":[{"href":"https:\/\/tiendapl.com.ec\/index.php\/wp-json\/wp\/v2\/product\/16320"}],"collection":[{"href":"https:\/\/tiendapl.com.ec\/index.php\/wp-json\/wp\/v2\/product"}],"about":[{"href":"https:\/\/tiendapl.com.ec\/index.php\/wp-json\/wp\/v2\/types\/product"}],"version-history":[{"count":1,"href":"https:\/\/tiendapl.com.ec\/index.php\/wp-json\/wp\/v2\/product\/16320\/revisions"}],"predecessor-version":[{"id":16322,"href":"https:\/\/tiendapl.com.ec\/index.php\/wp-json\/wp\/v2\/product\/16320\/revisions\/16322"}],"wp:featuredmedia":[{"embeddable":true,"href":"https:\/\/tiendapl.com.ec\/index.php\/wp-json\/wp\/v2\/media\/16321"}],"wp:attachment":[{"href":"https:\/\/tiendapl.com.ec\/index.php\/wp-json\/wp\/v2\/media?parent=16320"}],"wp:term":[{"taxonomy":"product_cat","embeddable":true,"href":"https:\/\/tiendapl.com.ec\/index.php\/wp-json\/wp\/v2\/product_cat?post=16320"},{"taxonomy":"product_tag","embeddable":true,"href":"https:\/\/tiendapl.com.ec\/index.php\/wp-json\/wp\/v2\/product_tag?post=16320"}],"curies":[{"name":"wp","href":"https:\/\/api.w.org\/{rel}","templated":true}]}}