{"id":16328,"date":"2025-05-26T21:41:59","date_gmt":"2025-05-26T21:41:59","guid":{"rendered":"https:\/\/tiendapl.com.ec\/?post_type=product&#038;p=16328"},"modified":"2025-05-26T21:42:00","modified_gmt":"2025-05-26T21:42:00","slug":"sarten-turim-28-cm-20260-728","status":"publish","type":"product","link":"https:\/\/tiendapl.com.ec\/index.php\/product\/sarten-turim-28-cm-20260-728\/","title":{"rendered":"Sarten Turim 28 cm 20260\/728"},"content":{"rendered":"","protected":false},"excerpt":{"rendered":"<p>C\u00f3digo: 56TRG1Q. La sart\u00e9n Tramontina Turim en aluminio con revestimiento interno y externo con antiadherente Starflon Max rojo 28 cent\u00edmetros de di\u00e1metro y 2 litros, contar\u00e1s con la mejor opci\u00f3n para preparar tus recetas con practicidad y calidad. Desarrollada para el uso diario, est\u00e1 hecha de aluminio, tiene 1,2 mil\u00edmetros de espesor y un revestimiento interno y externo con antiadherente Starflon Max.<\/p>\n","protected":false},"featured_media":16329,"template":"","meta":[],"product_cat":[108,65],"product_tag":[],"_links":{"self":[{"href":"https:\/\/tiendapl.com.ec\/index.php\/wp-json\/wp\/v2\/product\/16328"}],"collection":[{"href":"https:\/\/tiendapl.com.ec\/index.php\/wp-json\/wp\/v2\/product"}],"about":[{"href":"https:\/\/tiendapl.com.ec\/index.php\/wp-json\/wp\/v2\/types\/product"}],"version-history":[{"count":2,"href":"https:\/\/tiendapl.com.ec\/index.php\/wp-json\/wp\/v2\/product\/16328\/revisions"}],"predecessor-version":[{"id":16331,"href":"https:\/\/tiendapl.com.ec\/index.php\/wp-json\/wp\/v2\/product\/16328\/revisions\/16331"}],"wp:featuredmedia":[{"embeddable":true,"href":"https:\/\/tiendapl.com.ec\/index.php\/wp-json\/wp\/v2\/media\/16329"}],"wp:attachment":[{"href":"https:\/\/tiendapl.com.ec\/index.php\/wp-json\/wp\/v2\/media?parent=16328"}],"wp:term":[{"taxonomy":"product_cat","embeddable":true,"href":"https:\/\/tiendapl.com.ec\/index.php\/wp-json\/wp\/v2\/product_cat?post=16328"},{"taxonomy":"product_tag","embeddable":true,"href":"https:\/\/tiendapl.com.ec\/index.php\/wp-json\/wp\/v2\/product_tag?post=16328"}],"curies":[{"name":"wp","href":"https:\/\/api.w.org\/{rel}","templated":true}]}}