{"id":16332,"date":"2025-05-26T21:48:25","date_gmt":"2025-05-26T21:48:25","guid":{"rendered":"https:\/\/tiendapl.com.ec\/?post_type=product&#038;p=16332"},"modified":"2025-05-26T21:49:11","modified_gmt":"2025-05-26T21:49:11","slug":"cacerola-turim-tramontina","status":"publish","type":"product","link":"https:\/\/tiendapl.com.ec\/index.php\/product\/cacerola-turim-tramontina\/","title":{"rendered":"Cacerola Turim Tramontina"},"content":{"rendered":"","protected":false},"excerpt":{"rendered":"<p>C\u00f3digo: 56TRG1S. La cacerola Tramontina Turim en aluminio con revestimiento interno y externo con antiadherente Starflon Max plomo 18 cent\u00edmetros de di\u00e1metro y 2 litros es una excelente opci\u00f3n para preparar todas tus comidas. Hecha de aluminio, con 1,2 mil\u00edmetros de espesor, ofrece una cocci\u00f3n r\u00e1pida y uniforme de los alimentos.<\/p>\n","protected":false},"featured_media":16333,"template":"","meta":[],"product_cat":[108,65],"product_tag":[],"_links":{"self":[{"href":"https:\/\/tiendapl.com.ec\/index.php\/wp-json\/wp\/v2\/product\/16332"}],"collection":[{"href":"https:\/\/tiendapl.com.ec\/index.php\/wp-json\/wp\/v2\/product"}],"about":[{"href":"https:\/\/tiendapl.com.ec\/index.php\/wp-json\/wp\/v2\/types\/product"}],"version-history":[{"count":1,"href":"https:\/\/tiendapl.com.ec\/index.php\/wp-json\/wp\/v2\/product\/16332\/revisions"}],"predecessor-version":[{"id":16334,"href":"https:\/\/tiendapl.com.ec\/index.php\/wp-json\/wp\/v2\/product\/16332\/revisions\/16334"}],"wp:featuredmedia":[{"embeddable":true,"href":"https:\/\/tiendapl.com.ec\/index.php\/wp-json\/wp\/v2\/media\/16333"}],"wp:attachment":[{"href":"https:\/\/tiendapl.com.ec\/index.php\/wp-json\/wp\/v2\/media?parent=16332"}],"wp:term":[{"taxonomy":"product_cat","embeddable":true,"href":"https:\/\/tiendapl.com.ec\/index.php\/wp-json\/wp\/v2\/product_cat?post=16332"},{"taxonomy":"product_tag","embeddable":true,"href":"https:\/\/tiendapl.com.ec\/index.php\/wp-json\/wp\/v2\/product_tag?post=16332"}],"curies":[{"name":"wp","href":"https:\/\/api.w.org\/{rel}","templated":true}]}}