{"id":16335,"date":"2025-05-26T22:11:50","date_gmt":"2025-05-26T22:11:50","guid":{"rendered":"https:\/\/tiendapl.com.ec\/?post_type=product&#038;p=16335"},"modified":"2025-05-26T22:11:50","modified_gmt":"2025-05-26T22:11:50","slug":"olla-wok-loreto-28-cm-20394-728","status":"publish","type":"product","link":"https:\/\/tiendapl.com.ec\/index.php\/product\/olla-wok-loreto-28-cm-20394-728\/","title":{"rendered":"Olla Wok Loreto 28 cm 20394\/728"},"content":{"rendered":"","protected":false},"excerpt":{"rendered":"<p>C\u00f3digo: 56TRG35. Tramontina Loreto en aluminio con revestimiento interno y externo de antiadherente Starflon Max grafito de 28 cent\u00edmetros de di\u00e1metro y 3,6 litros! Ideal para el uso diario, est\u00e1 producido en cuerpo de aluminio con espesor de 1,4 mil\u00edmetros y revestimiento de antiadherente Starflon Max.<\/p>\n","protected":false},"featured_media":16336,"template":"","meta":[],"product_cat":[108,65],"product_tag":[],"_links":{"self":[{"href":"https:\/\/tiendapl.com.ec\/index.php\/wp-json\/wp\/v2\/product\/16335"}],"collection":[{"href":"https:\/\/tiendapl.com.ec\/index.php\/wp-json\/wp\/v2\/product"}],"about":[{"href":"https:\/\/tiendapl.com.ec\/index.php\/wp-json\/wp\/v2\/types\/product"}],"version-history":[{"count":1,"href":"https:\/\/tiendapl.com.ec\/index.php\/wp-json\/wp\/v2\/product\/16335\/revisions"}],"predecessor-version":[{"id":16337,"href":"https:\/\/tiendapl.com.ec\/index.php\/wp-json\/wp\/v2\/product\/16335\/revisions\/16337"}],"wp:featuredmedia":[{"embeddable":true,"href":"https:\/\/tiendapl.com.ec\/index.php\/wp-json\/wp\/v2\/media\/16336"}],"wp:attachment":[{"href":"https:\/\/tiendapl.com.ec\/index.php\/wp-json\/wp\/v2\/media?parent=16335"}],"wp:term":[{"taxonomy":"product_cat","embeddable":true,"href":"https:\/\/tiendapl.com.ec\/index.php\/wp-json\/wp\/v2\/product_cat?post=16335"},{"taxonomy":"product_tag","embeddable":true,"href":"https:\/\/tiendapl.com.ec\/index.php\/wp-json\/wp\/v2\/product_tag?post=16335"}],"curies":[{"name":"wp","href":"https:\/\/api.w.org\/{rel}","templated":true}]}}