{"id":16349,"date":"2025-06-02T16:55:42","date_gmt":"2025-06-02T16:55:42","guid":{"rendered":"https:\/\/tiendapl.com.ec\/?post_type=product&#038;p=16349"},"modified":"2025-06-02T16:55:42","modified_gmt":"2025-06-02T16:55:42","slug":"juego-de-cuchillo-tabla-tramontina-23498-014","status":"publish","type":"product","link":"https:\/\/tiendapl.com.ec\/index.php\/product\/juego-de-cuchillo-tabla-tramontina-23498-014\/","title":{"rendered":"Juego de cuchillo tabla Tramontina 23498\/014"},"content":{"rendered":"","protected":false},"excerpt":{"rendered":"<p>C\u00f3digo: 56TRLMC. Los cuchillos pr\u00e1cticos y de calidad son fundamentales en nuestra cocina. Con el kit para carnes y legumbres Tramontina Plenus con l\u00e1minas en acero inoxidable mangos de polipropileno gris y tabla para cortar de 3 piezas encontrar\u00e1 piezas que sirven para los m\u00e1s variados usos.<\/p>\n","protected":false},"featured_media":16350,"template":"","meta":[],"product_cat":[108,65],"product_tag":[136],"_links":{"self":[{"href":"https:\/\/tiendapl.com.ec\/index.php\/wp-json\/wp\/v2\/product\/16349"}],"collection":[{"href":"https:\/\/tiendapl.com.ec\/index.php\/wp-json\/wp\/v2\/product"}],"about":[{"href":"https:\/\/tiendapl.com.ec\/index.php\/wp-json\/wp\/v2\/types\/product"}],"version-history":[{"count":2,"href":"https:\/\/tiendapl.com.ec\/index.php\/wp-json\/wp\/v2\/product\/16349\/revisions"}],"predecessor-version":[{"id":16352,"href":"https:\/\/tiendapl.com.ec\/index.php\/wp-json\/wp\/v2\/product\/16349\/revisions\/16352"}],"wp:featuredmedia":[{"embeddable":true,"href":"https:\/\/tiendapl.com.ec\/index.php\/wp-json\/wp\/v2\/media\/16350"}],"wp:attachment":[{"href":"https:\/\/tiendapl.com.ec\/index.php\/wp-json\/wp\/v2\/media?parent=16349"}],"wp:term":[{"taxonomy":"product_cat","embeddable":true,"href":"https:\/\/tiendapl.com.ec\/index.php\/wp-json\/wp\/v2\/product_cat?post=16349"},{"taxonomy":"product_tag","embeddable":true,"href":"https:\/\/tiendapl.com.ec\/index.php\/wp-json\/wp\/v2\/product_tag?post=16349"}],"curies":[{"name":"wp","href":"https:\/\/api.w.org\/{rel}","templated":true}]}}