{"id":16363,"date":"2025-06-02T17:46:44","date_gmt":"2025-06-02T17:46:44","guid":{"rendered":"https:\/\/tiendapl.com.ec\/?post_type=product&#038;p=16363"},"modified":"2025-06-02T17:46:45","modified_gmt":"2025-06-02T17:46:45","slug":"sarten-turim-tramontina-20260-730","status":"publish","type":"product","link":"https:\/\/tiendapl.com.ec\/index.php\/product\/sarten-turim-tramontina-20260-730\/","title":{"rendered":"Sarten Turim Tramontina 20260\/730"},"content":{"rendered":"","protected":false},"excerpt":{"rendered":"<p>C\u00f3digo: 56TRG1R. Utiliza la sart\u00e9n Tramontina Turim en aluminio con revestimiento interno y externo con antiadherente Starflon Max plomo 30 cent\u00edmetros de di\u00e1metro y 2,5 litros en tu d\u00eda a d\u00eda y aporta una mayor practicidad a la preparaci\u00f3n de tus comidas. Hecha de aluminio, tiene 1,2 mil\u00edmetros de espesor y un revestimiento interno y externo con antiadherente Starflon Max, garantiza una cocci\u00f3n r\u00e1pida y uniforme de los alimentos, evita que estos se peguen en su superficie, lo que facilita en gran medida la limpieza y la hace m\u00e1s duradera.<\/p>\n","protected":false},"featured_media":16364,"template":"","meta":[],"product_cat":[108,65],"product_tag":[],"_links":{"self":[{"href":"https:\/\/tiendapl.com.ec\/index.php\/wp-json\/wp\/v2\/product\/16363"}],"collection":[{"href":"https:\/\/tiendapl.com.ec\/index.php\/wp-json\/wp\/v2\/product"}],"about":[{"href":"https:\/\/tiendapl.com.ec\/index.php\/wp-json\/wp\/v2\/types\/product"}],"version-history":[{"count":1,"href":"https:\/\/tiendapl.com.ec\/index.php\/wp-json\/wp\/v2\/product\/16363\/revisions"}],"predecessor-version":[{"id":16365,"href":"https:\/\/tiendapl.com.ec\/index.php\/wp-json\/wp\/v2\/product\/16363\/revisions\/16365"}],"wp:featuredmedia":[{"embeddable":true,"href":"https:\/\/tiendapl.com.ec\/index.php\/wp-json\/wp\/v2\/media\/16364"}],"wp:attachment":[{"href":"https:\/\/tiendapl.com.ec\/index.php\/wp-json\/wp\/v2\/media?parent=16363"}],"wp:term":[{"taxonomy":"product_cat","embeddable":true,"href":"https:\/\/tiendapl.com.ec\/index.php\/wp-json\/wp\/v2\/product_cat?post=16363"},{"taxonomy":"product_tag","embeddable":true,"href":"https:\/\/tiendapl.com.ec\/index.php\/wp-json\/wp\/v2\/product_tag?post=16363"}],"curies":[{"name":"wp","href":"https:\/\/api.w.org\/{rel}","templated":true}]}}