{"id":16369,"date":"2025-06-02T21:03:17","date_gmt":"2025-06-02T21:03:17","guid":{"rendered":"https:\/\/tiendapl.com.ec\/?post_type=product&#038;p=16369"},"modified":"2025-06-02T21:03:18","modified_gmt":"2025-06-02T21:03:18","slug":"horno-freidora-de-aire-hamilton-beach","status":"publish","type":"product","link":"https:\/\/tiendapl.com.ec\/index.php\/product\/horno-freidora-de-aire-hamilton-beach\/","title":{"rendered":"Horno freidora de aire Hamilton Beach"},"content":{"rendered":"","protected":false},"excerpt":{"rendered":"<p>C\u00f3digo: 5H0004H.<\/p>\n<ul>\n<li>6 electrodom\u00e9sticos en 1 para mayor versatilidad en menos espacio. El \u00fanico aparato de cocina que necesitar\u00e1s en tu encimera. Con 1700 vatios, es una potente freidora de aire, horno tostador, horno de pizza, deshidratador y s\u00e1ndwich.<\/li>\n<li>8 funciones preestablecidas de un solo toque. Un toque es todo lo que se necesita para usar esta freidora de aire caliente. Es la mejor freidora de aire ya que tiene 8 preconfiguraciones, incluyendo patatas fritas, pollo, pescado, camarones, asador, funci\u00f3n de verduras y deshidrataci\u00f3n.<\/li>\n<li>Control de cocci\u00f3n f\u00e1cil y personalizable. Personaliza tu cocina ajustando manualmente el tiempo y la temperatura hasta 60 minutos y 400 \u00b0F.<\/li>\n<li>Freidora de aire el\u00e9ctrica con ventana de f\u00e1cil vista e interior iluminado. Es f\u00e1cil de mantener un ojo en tu comida mientras cocina, por lo que obtendr\u00e1s resultados perfectamente dorados cada vez.<\/li>\n<li>Incluye 3 estantes de malla de metal, cesta giratoria de goteo\/bandeja de migajas\/elevador de asador y accesorios de asador, estantes de malla que permiten que el aire circule alrededor de los alimentos para fre\u00edr aire experto y deshidratar la cesta giratoria para obtener resultados crujientes y uniformes.<\/li>\n<\/ul>\n","protected":false},"featured_media":16370,"template":"","meta":[],"product_cat":[65,84],"product_tag":[],"_links":{"self":[{"href":"https:\/\/tiendapl.com.ec\/index.php\/wp-json\/wp\/v2\/product\/16369"}],"collection":[{"href":"https:\/\/tiendapl.com.ec\/index.php\/wp-json\/wp\/v2\/product"}],"about":[{"href":"https:\/\/tiendapl.com.ec\/index.php\/wp-json\/wp\/v2\/types\/product"}],"version-history":[{"count":1,"href":"https:\/\/tiendapl.com.ec\/index.php\/wp-json\/wp\/v2\/product\/16369\/revisions"}],"predecessor-version":[{"id":16371,"href":"https:\/\/tiendapl.com.ec\/index.php\/wp-json\/wp\/v2\/product\/16369\/revisions\/16371"}],"wp:featuredmedia":[{"embeddable":true,"href":"https:\/\/tiendapl.com.ec\/index.php\/wp-json\/wp\/v2\/media\/16370"}],"wp:attachment":[{"href":"https:\/\/tiendapl.com.ec\/index.php\/wp-json\/wp\/v2\/media?parent=16369"}],"wp:term":[{"taxonomy":"product_cat","embeddable":true,"href":"https:\/\/tiendapl.com.ec\/index.php\/wp-json\/wp\/v2\/product_cat?post=16369"},{"taxonomy":"product_tag","embeddable":true,"href":"https:\/\/tiendapl.com.ec\/index.php\/wp-json\/wp\/v2\/product_tag?post=16369"}],"curies":[{"name":"wp","href":"https:\/\/api.w.org\/{rel}","templated":true}]}}