{"id":16377,"date":"2025-06-02T22:53:05","date_gmt":"2025-06-02T22:53:05","guid":{"rendered":"https:\/\/tiendapl.com.ec\/?post_type=product&#038;p=16377"},"modified":"2025-06-02T22:53:05","modified_gmt":"2025-06-02T22:53:05","slug":"maquina-para-moler-cafe-hamilton-beach","status":"publish","type":"product","link":"https:\/\/tiendapl.com.ec\/index.php\/product\/maquina-para-moler-cafe-hamilton-beach\/","title":{"rendered":"M\u00e1quina para moler caf\u00e9 Hamilton Beach"},"content":{"rendered":"","protected":false},"excerpt":{"rendered":"<p>C\u00f3digo: 5H0009C.<\/p>\n<p>\u2013 Motor silencioso<br \/>\n\u2013 Recipiente molienda extra\u00edble para facilitar el llenado<br \/>\n\u2013 F\u00e1cil limpieza y lavado<br \/>\n\u2013 Capacidad: 12 tazas<br \/>\n\u2013 Muele caf\u00e9 y especies<br \/>\n\u2013 Cuchillas de acero inoxidable duradero<br \/>\n\u2013 Bot\u00f3n de encendido y Apagado<\/p>\n","protected":false},"featured_media":16378,"template":"","meta":[],"product_cat":[102,65],"product_tag":[],"_links":{"self":[{"href":"https:\/\/tiendapl.com.ec\/index.php\/wp-json\/wp\/v2\/product\/16377"}],"collection":[{"href":"https:\/\/tiendapl.com.ec\/index.php\/wp-json\/wp\/v2\/product"}],"about":[{"href":"https:\/\/tiendapl.com.ec\/index.php\/wp-json\/wp\/v2\/types\/product"}],"version-history":[{"count":2,"href":"https:\/\/tiendapl.com.ec\/index.php\/wp-json\/wp\/v2\/product\/16377\/revisions"}],"predecessor-version":[{"id":16381,"href":"https:\/\/tiendapl.com.ec\/index.php\/wp-json\/wp\/v2\/product\/16377\/revisions\/16381"}],"wp:featuredmedia":[{"embeddable":true,"href":"https:\/\/tiendapl.com.ec\/index.php\/wp-json\/wp\/v2\/media\/16378"}],"wp:attachment":[{"href":"https:\/\/tiendapl.com.ec\/index.php\/wp-json\/wp\/v2\/media?parent=16377"}],"wp:term":[{"taxonomy":"product_cat","embeddable":true,"href":"https:\/\/tiendapl.com.ec\/index.php\/wp-json\/wp\/v2\/product_cat?post=16377"},{"taxonomy":"product_tag","embeddable":true,"href":"https:\/\/tiendapl.com.ec\/index.php\/wp-json\/wp\/v2\/product_tag?post=16377"}],"curies":[{"name":"wp","href":"https:\/\/api.w.org\/{rel}","templated":true}]}}