{"id":16582,"date":"2025-11-22T17:22:54","date_gmt":"2025-11-22T17:22:54","guid":{"rendered":"https:\/\/tiendapl.com.ec\/?post_type=product&#038;p=16582"},"modified":"2026-04-06T16:25:46","modified_gmt":"2026-04-06T16:25:46","slug":"hidrolavadora-electrolux","status":"publish","type":"product","link":"https:\/\/tiendapl.com.ec\/index.php\/product\/hidrolavadora-electrolux\/","title":{"rendered":"Hidrolavadora Electrolux"},"content":{"rendered":"","protected":false},"excerpt":{"rendered":"<p>C\u00f3digo: QWS1650.<\/p>\n<p><strong>Presi\u00f3n de agua de 1.650 PSI<\/strong><\/p>\n<p>Ideal para limpieza dom\u00e9stica. sin desperdicio de agua y mayor ahorro.<\/p>\n<p><strong>Flujo de agua 280 l\/h<\/strong><\/p>\n<p>\u00abMenor consumo y muy eficiente. Hasta un 80%* de ahorro de agua Disclaimer: En comparaci\u00f3n con una manguera de jard\u00edn tradicional. \u00bb<\/p>\n<p><strong>M\u00e1s seguridad y organizaci\u00f3n<\/strong><\/p>\n<p>Porta accesorios con soporte para cable el\u00e9ctrico y manguera.<\/p>\n<p><strong>Acople r\u00e1pido<\/strong><\/p>\n<p>Conecta la manguera de jard\u00edn a la entrada de agua de tu hidrolavadora con un simple clic. M\u00e1s r\u00e1pido. pr\u00e1ctico y f\u00e1cil.<\/p>\n<p><strong>Asa ergon\u00f3mica<\/strong><\/p>\n<p>Facilita el transporte y el manejo del producto.<\/p>\n<p><strong>Cabezal de cilindro de aluminio<\/strong><\/p>\n<p>Ayuda a proteger los componentes mec\u00e1nicos del agua. asegurando durabilidad y resistencia.<\/p>\n<p><strong>Mayor alcance y autonom\u00eda en tus manos<\/strong><\/p>\n<p>3 metros de manguera<\/p>\n<p><strong>Mayor alcance y autonom\u00eda en tus manos<\/strong><\/p>\n<p>5 metros de cable el\u00e9ctrico<\/p>\n<p><strong>Sistema \u00abSTOP TOTAL\u00bb<\/strong><\/p>\n<p>Un dispositivo electr\u00f3nico que posibilita la detenci\u00f3n completa del flujo de agua y apaga el motor al soltar el gatillo. brindando mayor seguridad. eficiencia energ\u00e9tica. vida \u00fatil del dispositivo y comodidad para el usuario.<\/p>\n<p><strong>Boquilla Vario<\/strong><\/p>\n<p>Ofrece la posibilidad de cambiar entre un chorro concentrado para eliminar la suciedad persistente y rociado tipo ventilador ideal para barrer o regar las plantas.<\/p>\n<p><strong>Sostenibilidad combinada con alto desempe\u00f1o<\/strong><\/p>\n<p>Fabricado con 50% de material reciclado*<\/p>\n<p><strong>1400 W de potencia<\/strong><\/p>\n<p>Motor eficiente y de alta durabilidad.<\/p>\n","protected":false},"featured_media":16583,"template":"","meta":[],"product_cat":[98,70],"product_tag":[],"_links":{"self":[{"href":"https:\/\/tiendapl.com.ec\/index.php\/wp-json\/wp\/v2\/product\/16582"}],"collection":[{"href":"https:\/\/tiendapl.com.ec\/index.php\/wp-json\/wp\/v2\/product"}],"about":[{"href":"https:\/\/tiendapl.com.ec\/index.php\/wp-json\/wp\/v2\/types\/product"}],"version-history":[{"count":2,"href":"https:\/\/tiendapl.com.ec\/index.php\/wp-json\/wp\/v2\/product\/16582\/revisions"}],"predecessor-version":[{"id":16585,"href":"https:\/\/tiendapl.com.ec\/index.php\/wp-json\/wp\/v2\/product\/16582\/revisions\/16585"}],"wp:featuredmedia":[{"embeddable":true,"href":"https:\/\/tiendapl.com.ec\/index.php\/wp-json\/wp\/v2\/media\/16583"}],"wp:attachment":[{"href":"https:\/\/tiendapl.com.ec\/index.php\/wp-json\/wp\/v2\/media?parent=16582"}],"wp:term":[{"taxonomy":"product_cat","embeddable":true,"href":"https:\/\/tiendapl.com.ec\/index.php\/wp-json\/wp\/v2\/product_cat?post=16582"},{"taxonomy":"product_tag","embeddable":true,"href":"https:\/\/tiendapl.com.ec\/index.php\/wp-json\/wp\/v2\/product_tag?post=16582"}],"curies":[{"name":"wp","href":"https:\/\/api.w.org\/{rel}","templated":true}]}}