{"id":16907,"date":"2026-04-06T16:51:41","date_gmt":"2026-04-06T16:51:41","guid":{"rendered":"https:\/\/tiendapl.com.ec\/?post_type=product&#038;p=16907"},"modified":"2026-04-06T16:51:41","modified_gmt":"2026-04-06T16:51:41","slug":"moto-electrica-n1","status":"publish","type":"product","link":"https:\/\/tiendapl.com.ec\/index.php\/product\/moto-electrica-n1\/","title":{"rendered":"Moto el\u00e9ctrica N1"},"content":{"rendered":"","protected":false},"excerpt":{"rendered":"<p>C\u00f3digo: N1.<\/p>\n<p>\u2022 Motor de 1000 W, velocidad &lt;45 km\/h<br \/>\n\u2022 Panel de control LCD<br \/>\n\u2022 Frenos de disco delanteros y de tambor traseros<br \/>\n\u2022 Llantas de 10 pulgadas<br \/>\n\u2022 Neum\u00e1tico delantero: 3.00 \u2013 10<br \/>\n\u2022 Neum\u00e1tico trasero: 3.00 \u2013 10<br \/>\n\u2022 Bater\u00eda de plomo-\u00e1cido de 72 V y 20 Ah<br \/>\n\u2022 Autonom\u00eda de la bater\u00eda: 70-80 km<br \/>\n\u2022 Cambio de marchas: 3<br \/>\n\u2022 Funci\u00f3n de reserva: S\u00ed<br \/>\n\u2022 Peso del veh\u00edculo &lt;58 kg sin bater\u00eda<br \/>\n\u2022 Dimensiones del veh\u00edculo: 1750 mm \u00d7 800 mm \u00d7 1060 mm<br \/>\n\u2022 Dimensiones del embalaje: 1680 mm \u00d7 500 mm \u00d7 870 mm<\/p>\n","protected":false},"featured_media":16908,"template":"","meta":[],"product_cat":[480,70],"product_tag":[481,482],"_links":{"self":[{"href":"https:\/\/tiendapl.com.ec\/index.php\/wp-json\/wp\/v2\/product\/16907"}],"collection":[{"href":"https:\/\/tiendapl.com.ec\/index.php\/wp-json\/wp\/v2\/product"}],"about":[{"href":"https:\/\/tiendapl.com.ec\/index.php\/wp-json\/wp\/v2\/types\/product"}],"version-history":[{"count":1,"href":"https:\/\/tiendapl.com.ec\/index.php\/wp-json\/wp\/v2\/product\/16907\/revisions"}],"predecessor-version":[{"id":16909,"href":"https:\/\/tiendapl.com.ec\/index.php\/wp-json\/wp\/v2\/product\/16907\/revisions\/16909"}],"wp:featuredmedia":[{"embeddable":true,"href":"https:\/\/tiendapl.com.ec\/index.php\/wp-json\/wp\/v2\/media\/16908"}],"wp:attachment":[{"href":"https:\/\/tiendapl.com.ec\/index.php\/wp-json\/wp\/v2\/media?parent=16907"}],"wp:term":[{"taxonomy":"product_cat","embeddable":true,"href":"https:\/\/tiendapl.com.ec\/index.php\/wp-json\/wp\/v2\/product_cat?post=16907"},{"taxonomy":"product_tag","embeddable":true,"href":"https:\/\/tiendapl.com.ec\/index.php\/wp-json\/wp\/v2\/product_tag?post=16907"}],"curies":[{"name":"wp","href":"https:\/\/api.w.org\/{rel}","templated":true}]}}