{"id":16910,"date":"2026-04-06T17:09:04","date_gmt":"2026-04-06T17:09:04","guid":{"rendered":"https:\/\/tiendapl.com.ec\/?post_type=product&#038;p=16910"},"modified":"2026-04-06T17:09:04","modified_gmt":"2026-04-06T17:09:04","slug":"moto-electrica-ks1","status":"publish","type":"product","link":"https:\/\/tiendapl.com.ec\/index.php\/product\/moto-electrica-ks1\/","title":{"rendered":"Moto el\u00e9ctrica KS1"},"content":{"rendered":"<p>S<\/p>\n","protected":false},"excerpt":{"rendered":"<p>C\u00f3digo: KS1.<\/p>\n<p>\u2022 Capacidad 500w.<br \/>\n\u2022 Panel de control LCD<br \/>\n\u2022 Frenos de disco delanteros y de tambor traseros Llantas de 12 pulgadas<br \/>\n\u2022 Neum\u00e1tico delantero: 90\/90-12<br \/>\n\u2022 Neum\u00e1tico trasero: 90\/90-12<br \/>\n\u2022 Bater\u00eda: plomo-\u00e1cido de 72 V y 20 Ah<br \/>\n\u2022 Cambiar la marcha: 3 velocidades<br \/>\n\u2022 Funci\u00f3n de marcha atr\u00e1s: S\u00ed Peso del veh\u00edculo &lt;58 kg sin bater\u00eda<br \/>\n\u2022 Dimensiones del veh\u00edculo: 1750 mm \u00d7 800 mm \u00d7 1060 mm<br \/>\n\u2022 Dimensiones del embalaje: 1680 mm \u00d7 500 mm \u00d7 870 mm<\/p>\n","protected":false},"featured_media":16911,"template":"","meta":[],"product_cat":[480,70],"product_tag":[],"_links":{"self":[{"href":"https:\/\/tiendapl.com.ec\/index.php\/wp-json\/wp\/v2\/product\/16910"}],"collection":[{"href":"https:\/\/tiendapl.com.ec\/index.php\/wp-json\/wp\/v2\/product"}],"about":[{"href":"https:\/\/tiendapl.com.ec\/index.php\/wp-json\/wp\/v2\/types\/product"}],"version-history":[{"count":1,"href":"https:\/\/tiendapl.com.ec\/index.php\/wp-json\/wp\/v2\/product\/16910\/revisions"}],"predecessor-version":[{"id":16912,"href":"https:\/\/tiendapl.com.ec\/index.php\/wp-json\/wp\/v2\/product\/16910\/revisions\/16912"}],"wp:featuredmedia":[{"embeddable":true,"href":"https:\/\/tiendapl.com.ec\/index.php\/wp-json\/wp\/v2\/media\/16911"}],"wp:attachment":[{"href":"https:\/\/tiendapl.com.ec\/index.php\/wp-json\/wp\/v2\/media?parent=16910"}],"wp:term":[{"taxonomy":"product_cat","embeddable":true,"href":"https:\/\/tiendapl.com.ec\/index.php\/wp-json\/wp\/v2\/product_cat?post=16910"},{"taxonomy":"product_tag","embeddable":true,"href":"https:\/\/tiendapl.com.ec\/index.php\/wp-json\/wp\/v2\/product_tag?post=16910"}],"curies":[{"name":"wp","href":"https:\/\/api.w.org\/{rel}","templated":true}]}}